{"id":122,"date":"2024-02-06T15:07:02","date_gmt":"2024-02-06T15:07:02","guid":{"rendered":"https:\/\/rosafloresauthor.org\/?page_id=122"},"modified":"2024-02-09T15:13:08","modified_gmt":"2024-02-09T15:13:08","slug":"reviews","status":"publish","type":"page","link":"https:\/\/rosafloresauthor.org\/es\/reviews\/","title":{"rendered":"Rese\u00f1as de los lectores"},"content":{"rendered":"<div data-elementor-type=\"wp-post\" data-elementor-id=\"122\" class=\"elementor elementor-122\" data-elementor-post-type=\"page\">\n\t\t\t\t<div class=\"elementor-element elementor-element-d78ed65 e-flex e-con-boxed e-con e-parent\" data-id=\"d78ed65\" data-element_type=\"container\" data-e-type=\"container\">\n\t\t\t\t\t<div class=\"e-con-inner\">\n\t\t<div class=\"elementor-element elementor-element-823b23c e-flex e-con-boxed e-con e-child\" data-id=\"823b23c\" data-element_type=\"container\" data-e-type=\"container\">\n\t\t\t\t\t<div class=\"e-con-inner\">\n\t\t\t\t<div class=\"elementor-element elementor-element-280fcc5 elementor-widget elementor-widget-heading\" data-id=\"280fcc5\" data-element_type=\"widget\" data-e-type=\"widget\" data-widget_type=\"heading.default\">\n\t\t\t\t<div class=\"elementor-widget-container\">\n\t\t\t\t\t<h2 class=\"elementor-heading-title elementor-size-default\">Rese\u00f1as de los lectores<\/h2>\t\t\t\t<\/div>\n\t\t\t\t<\/div>\n\t\t\t\t<div class=\"elementor-element elementor-element-88db8f4 elementor-widget elementor-widget-text-editor\" data-id=\"88db8f4\" data-element_type=\"widget\" data-e-type=\"widget\" data-widget_type=\"text-editor.default\">\n\t\t\t\t<div class=\"elementor-widget-container\">\n\t\t\t\t\t\t\t\t\t<p style=\"text-align: center;\">\"Qu\u00e9 obra tan hermosa es este libro! Gracias por manifestarlo y hacerlo realidad!\" \u2014Veronica de Leon<\/p>\t\t\t\t\t\t\t\t<\/div>\n\t\t\t\t<\/div>\n\t\t\t\t<div class=\"elementor-element elementor-element-3c58a88 elementor-widget-divider--view-line_icon elementor-view-default elementor-widget-divider--element-align-center elementor-widget elementor-widget-divider\" data-id=\"3c58a88\" data-element_type=\"widget\" data-e-type=\"widget\" data-widget_type=\"divider.default\">\n\t\t\t\t<div class=\"elementor-widget-container\">\n\t\t\t\t\t\t\t<div class=\"elementor-divider\">\n\t\t\t<span class=\"elementor-divider-separator\">\n\t\t\t\t\t\t\t<div class=\"elementor-icon elementor-divider__element\">\n\t\t\t\t\t<svg aria-hidden=\"true\" class=\"e-font-icon-svg e-fas-square\" viewbox=\"0 0 448 512\" xmlns=\"http:\/\/www.w3.org\/2000\/svg\"><path d=\"M400 32H48C21.5 32 0 53.5 0 80v352c0 26.5 21.5 48 48 48h352c26.5 0 48-21.5 48-48V80c0-26.5-21.5-48-48-48z\"><\/path><\/svg><\/div>\n\t\t\t\t\t\t<\/span>\n\t\t<\/div>\n\t\t\t\t\t\t<\/div>\n\t\t\t\t<\/div>\n\t\t\t\t<div class=\"elementor-element elementor-element-4175e91 elementor-widget elementor-widget-text-editor\" data-id=\"4175e91\" data-element_type=\"widget\" data-e-type=\"widget\" data-widget_type=\"text-editor.default\">\n\t\t\t\t<div class=\"elementor-widget-container\">\n\t\t\t\t\t\t\t\t\t<p style=\"text-align: center;\">\"Que bello escribes, Rosa! El libro es todo un poema me encanta....\" \u2014Jose Mario Ramos<\/p>\t\t\t\t\t\t\t\t<\/div>\n\t\t\t\t<\/div>\n\t\t\t\t<div class=\"elementor-element elementor-element-7defb75 elementor-widget-divider--view-line_icon elementor-view-default elementor-widget-divider--element-align-center elementor-widget elementor-widget-divider\" data-id=\"7defb75\" data-element_type=\"widget\" data-e-type=\"widget\" data-widget_type=\"divider.default\">\n\t\t\t\t<div class=\"elementor-widget-container\">\n\t\t\t\t\t\t\t<div class=\"elementor-divider\">\n\t\t\t<span class=\"elementor-divider-separator\">\n\t\t\t\t\t\t\t<div class=\"elementor-icon elementor-divider__element\">\n\t\t\t\t\t<svg aria-hidden=\"true\" class=\"e-font-icon-svg e-fas-square\" viewbox=\"0 0 448 512\" xmlns=\"http:\/\/www.w3.org\/2000\/svg\"><path d=\"M400 32H48C21.5 32 0 53.5 0 80v352c0 26.5 21.5 48 48 48h352c26.5 0 48-21.5 48-48V80c0-26.5-21.5-48-48-48z\"><\/path><\/svg><\/div>\n\t\t\t\t\t\t<\/span>\n\t\t<\/div>\n\t\t\t\t\t\t<\/div>\n\t\t\t\t<\/div>\n\t\t\t\t<div class=\"elementor-element elementor-element-f83a13e elementor-widget elementor-widget-text-editor\" data-id=\"f83a13e\" data-element_type=\"widget\" data-e-type=\"widget\" data-widget_type=\"text-editor.default\">\n\t\t\t\t<div class=\"elementor-widget-container\">\n\t\t\t\t\t\t\t\t\t<p style=\"text-align: center;\">\"Un incre\u00edble Regalo para esta Navidad \ud83c\udf32\ud83d\udc9d\ud83d\ude4f Esta obra es encantadora al igual que su autora Rosa Flores \u2728\ufe0f\ud83d\udc9d\ud83d\udc4c\"<\/p><p style=\"text-align: center;\">A TODOS Y TODAS:  Un libro que no puede faltar en sus colecciones \u2014Martha-Vega<\/p>\t\t\t\t\t\t\t\t<\/div>\n\t\t\t\t<\/div>\n\t\t\t\t<div class=\"elementor-element elementor-element-046b8bf elementor-widget-divider--view-line_icon elementor-view-default elementor-widget-divider--element-align-center elementor-widget elementor-widget-divider\" data-id=\"046b8bf\" data-element_type=\"widget\" data-e-type=\"widget\" data-widget_type=\"divider.default\">\n\t\t\t\t<div class=\"elementor-widget-container\">\n\t\t\t\t\t\t\t<div class=\"elementor-divider\">\n\t\t\t<span class=\"elementor-divider-separator\">\n\t\t\t\t\t\t\t<div class=\"elementor-icon elementor-divider__element\">\n\t\t\t\t\t<svg aria-hidden=\"true\" class=\"e-font-icon-svg e-fas-square\" viewbox=\"0 0 448 512\" xmlns=\"http:\/\/www.w3.org\/2000\/svg\"><path d=\"M400 32H48C21.5 32 0 53.5 0 80v352c0 26.5 21.5 48 48 48h352c26.5 0 48-21.5 48-48V80c0-26.5-21.5-48-48-48z\"><\/path><\/svg><\/div>\n\t\t\t\t\t\t<\/span>\n\t\t<\/div>\n\t\t\t\t\t\t<\/div>\n\t\t\t\t<\/div>\n\t\t\t\t<div class=\"elementor-element elementor-element-96695ea elementor-widget elementor-widget-text-editor\" data-id=\"96695ea\" data-element_type=\"widget\" data-e-type=\"widget\" data-widget_type=\"text-editor.default\">\n\t\t\t\t<div class=\"elementor-widget-container\">\n\t\t\t\t\t\t\t\t\t<p style=\"text-align: center;\">\u201cWhat a poem and photographs!!!\u201d \u2014Maria Consuelo Niembro<\/p>\t\t\t\t\t\t\t\t<\/div>\n\t\t\t\t<\/div>\n\t\t\t\t<div class=\"elementor-element elementor-element-50fc3d8 elementor-widget-divider--view-line_icon elementor-view-default elementor-widget-divider--element-align-center elementor-widget elementor-widget-divider\" data-id=\"50fc3d8\" data-element_type=\"widget\" data-e-type=\"widget\" data-widget_type=\"divider.default\">\n\t\t\t\t<div class=\"elementor-widget-container\">\n\t\t\t\t\t\t\t<div class=\"elementor-divider\">\n\t\t\t<span class=\"elementor-divider-separator\">\n\t\t\t\t\t\t\t<div class=\"elementor-icon elementor-divider__element\">\n\t\t\t\t\t<svg aria-hidden=\"true\" class=\"e-font-icon-svg e-fas-square\" viewbox=\"0 0 448 512\" xmlns=\"http:\/\/www.w3.org\/2000\/svg\"><path d=\"M400 32H48C21.5 32 0 53.5 0 80v352c0 26.5 21.5 48 48 48h352c26.5 0 48-21.5 48-48V80c0-26.5-21.5-48-48-48z\"><\/path><\/svg><\/div>\n\t\t\t\t\t\t<\/span>\n\t\t<\/div>\n\t\t\t\t\t\t<\/div>\n\t\t\t\t<\/div>\n\t\t\t\t<div class=\"elementor-element elementor-element-733aff7 elementor-widget elementor-widget-text-editor\" data-id=\"733aff7\" data-element_type=\"widget\" data-e-type=\"widget\" data-widget_type=\"text-editor.default\">\n\t\t\t\t<div class=\"elementor-widget-container\">\n\t\t\t\t\t\t\t\t\t<h3 style=\"text-align: center;\">5.0 out of 5 stars<\/h3><p style=\"text-align: center;\">\u201cHuasteca, \u00bfde qu\u00e9 est\u00e1s hecha? Homenaje\u201d (2023, Ancient Voices Publishing, USA), de Rosa Flores. Se trata de un recorrido por la regi\u00f3n de la Huasteca potosina, en M\u00e9xico, a trav\u00e9s de im\u00e1genes y met\u00e1foras. El libro retoma como principal recurso la versada de Artemio Posadas, distinguido m\u00fasico huasteco, y se complementa con bellas fotograf\u00edas y la poes\u00eda sublime de la autora. En esta obra est\u00e1n publicadas dos de mis fotograf\u00edas. Lo recomiendo ampliamente. Muchas felicidades y miles de gracias por tan bello obsequio para iniciar el a\u00f1o, estimada Rosa Flores. \u00a1Tlaskamati miak! \u2014Jes\u00fas Alberto Flores Mart\u00ednez<\/p>\t\t\t\t\t\t\t\t<\/div>\n\t\t\t\t<\/div>\n\t\t\t\t<div class=\"elementor-element elementor-element-22ea5c0 elementor-widget-divider--view-line_icon elementor-view-default elementor-widget-divider--element-align-center elementor-widget elementor-widget-divider\" data-id=\"22ea5c0\" data-element_type=\"widget\" data-e-type=\"widget\" data-widget_type=\"divider.default\">\n\t\t\t\t<div class=\"elementor-widget-container\">\n\t\t\t\t\t\t\t<div class=\"elementor-divider\">\n\t\t\t<span class=\"elementor-divider-separator\">\n\t\t\t\t\t\t\t<div class=\"elementor-icon elementor-divider__element\">\n\t\t\t\t\t<svg aria-hidden=\"true\" class=\"e-font-icon-svg e-fas-square\" viewbox=\"0 0 448 512\" xmlns=\"http:\/\/www.w3.org\/2000\/svg\"><path d=\"M400 32H48C21.5 32 0 53.5 0 80v352c0 26.5 21.5 48 48 48h352c26.5 0 48-21.5 48-48V80c0-26.5-21.5-48-48-48z\"><\/path><\/svg><\/div>\n\t\t\t\t\t\t<\/span>\n\t\t<\/div>\n\t\t\t\t\t\t<\/div>\n\t\t\t\t<\/div>\n\t\t\t\t<div class=\"elementor-element elementor-element-5ca0057 elementor-widget elementor-widget-text-editor\" data-id=\"5ca0057\" data-element_type=\"widget\" data-e-type=\"widget\" data-widget_type=\"text-editor.default\">\n\t\t\t\t<div class=\"elementor-widget-container\">\n\t\t\t\t\t\t\t\t\t<h3 style=\"text-align: center;\">5.0 out of 5 stars<\/h3><p style=\"text-align: center;\">Este libro es un apasionado y po\u00e9tico recorrido por la Huasteca Potosina mexicana a trav\u00e9s del ojo fotogr\u00e1fico y de la versada del doctor Artemio Posadas, originario de esta bella regi\u00f3n, pero ahora residente en California.<\/p><p style=\"text-align: center;\">En este texto, la autora se inspira en la versada del disco El Viento que Murmura de Artemio Posadas.<\/p><p style=\"text-align: center;\">La autora agrega sus po\u00e9ticas expresiones sobre esta tierra, su gente, y el sentimiento acarreado en la versada del disco,  adem\u00e1s de agregar informaci\u00f3n b\u00e1sica sobre la vida del maestro.<\/p><p style=\"text-align: center;\">En general, es un texto f\u00e1cil de digerir y muy agradable tanto por la poes\u00eda incluida como por las m\u00faltiples fotograf\u00edas que ilustran este libro.<\/p>\t\t\t\t\t\t\t\t<\/div>\n\t\t\t\t<\/div>\n\t\t\t\t<div class=\"elementor-element elementor-element-c01f5fe elementor-widget-divider--view-line_icon elementor-view-default elementor-widget-divider--element-align-center elementor-widget elementor-widget-divider\" data-id=\"c01f5fe\" data-element_type=\"widget\" data-e-type=\"widget\" data-widget_type=\"divider.default\">\n\t\t\t\t<div class=\"elementor-widget-container\">\n\t\t\t\t\t\t\t<div class=\"elementor-divider\">\n\t\t\t<span class=\"elementor-divider-separator\">\n\t\t\t\t\t\t\t<div class=\"elementor-icon elementor-divider__element\">\n\t\t\t\t\t<svg aria-hidden=\"true\" class=\"e-font-icon-svg e-fas-square\" viewbox=\"0 0 448 512\" xmlns=\"http:\/\/www.w3.org\/2000\/svg\"><path d=\"M400 32H48C21.5 32 0 53.5 0 80v352c0 26.5 21.5 48 48 48h352c26.5 0 48-21.5 48-48V80c0-26.5-21.5-48-48-48z\"><\/path><\/svg><\/div>\n\t\t\t\t\t\t<\/span>\n\t\t<\/div>\n\t\t\t\t\t\t<\/div>\n\t\t\t\t<\/div>\n\t\t\t\t<div class=\"elementor-element elementor-element-d9bdf9c elementor-widget elementor-widget-text-editor\" data-id=\"d9bdf9c\" data-element_type=\"widget\" data-e-type=\"widget\" data-widget_type=\"text-editor.default\">\n\t\t\t\t<div class=\"elementor-widget-container\">\n\t\t\t\t\t\t\t\t\t<h3 style=\"text-align: center;\">5.0 out of 5 stars<\/h3><p style=\"text-align: center;\">Hermoso libro!<\/p><p style=\"text-align: center;\">Est\u00e1s hecha de Huapango hermosa Huasteca.<\/p><p style=\"text-align: center;\">El libro es todo un poema, es un homenaje a Don Artemio Posadas y su pasi\u00f3n por el huapango.<\/p><p style=\"text-align: center;\">Rosa Flores bailarina y poeta siente el ritmo del huapango desde lo m\u00e1s profundo de su ser y lo ejecuta con su movimiento corporeo. Su libro es un poema a la danza del huapango y su m\u00fasica.<\/p>\t\t\t\t\t\t\t\t<\/div>\n\t\t\t\t<\/div>\n\t\t\t\t<div class=\"elementor-element elementor-element-3960358 elementor-widget-divider--view-line_icon elementor-view-default elementor-widget-divider--element-align-center elementor-widget elementor-widget-divider\" data-id=\"3960358\" data-element_type=\"widget\" data-e-type=\"widget\" data-widget_type=\"divider.default\">\n\t\t\t\t<div class=\"elementor-widget-container\">\n\t\t\t\t\t\t\t<div class=\"elementor-divider\">\n\t\t\t<span class=\"elementor-divider-separator\">\n\t\t\t\t\t\t\t<div class=\"elementor-icon elementor-divider__element\">\n\t\t\t\t\t<svg aria-hidden=\"true\" class=\"e-font-icon-svg e-fas-square\" viewbox=\"0 0 448 512\" xmlns=\"http:\/\/www.w3.org\/2000\/svg\"><path d=\"M400 32H48C21.5 32 0 53.5 0 80v352c0 26.5 21.5 48 48 48h352c26.5 0 48-21.5 48-48V80c0-26.5-21.5-48-48-48z\"><\/path><\/svg><\/div>\n\t\t\t\t\t\t<\/span>\n\t\t<\/div>\n\t\t\t\t\t\t<\/div>\n\t\t\t\t<\/div>\n\t\t\t\t<div class=\"elementor-element elementor-element-cbb7b80 elementor-widget elementor-widget-text-editor\" data-id=\"cbb7b80\" data-element_type=\"widget\" data-e-type=\"widget\" data-widget_type=\"text-editor.default\">\n\t\t\t\t<div class=\"elementor-widget-container\">\n\t\t\t\t\t\t\t\t\t<h3 style=\"text-align: center;\">5.0 out of 5 stars<\/h3><p style=\"text-align: center;\">Un libro que te deja sin aliento<\/p><p style=\"text-align: center;\">Este libro es muy rico en im\u00e1genes de los ind\u00edgenas huastecos y est\u00e1 realizado con una hermosa poes\u00eda que captura la cultura de la regi\u00f3n. Ha sido un placer hacer este viaje con la autora.<\/p><p style=\"text-align: center;\">I highly recommend it!<\/p>\t\t\t\t\t\t\t\t<\/div>\n\t\t\t\t<\/div>\n\t\t\t\t<div class=\"elementor-element elementor-element-353791d elementor-widget-divider--view-line_icon elementor-view-default elementor-widget-divider--element-align-center elementor-widget elementor-widget-divider\" data-id=\"353791d\" data-element_type=\"widget\" data-e-type=\"widget\" data-widget_type=\"divider.default\">\n\t\t\t\t<div class=\"elementor-widget-container\">\n\t\t\t\t\t\t\t<div class=\"elementor-divider\">\n\t\t\t<span class=\"elementor-divider-separator\">\n\t\t\t\t\t\t\t<div class=\"elementor-icon elementor-divider__element\">\n\t\t\t\t\t<svg aria-hidden=\"true\" class=\"e-font-icon-svg e-fas-square\" viewbox=\"0 0 448 512\" xmlns=\"http:\/\/www.w3.org\/2000\/svg\"><path d=\"M400 32H48C21.5 32 0 53.5 0 80v352c0 26.5 21.5 48 48 48h352c26.5 0 48-21.5 48-48V80c0-26.5-21.5-48-48-48z\"><\/path><\/svg><\/div>\n\t\t\t\t\t\t<\/span>\n\t\t<\/div>\n\t\t\t\t\t\t<\/div>\n\t\t\t\t<\/div>\n\t\t\t\t\t<\/div>\n\t\t\t\t<\/div>\n\t\t\t\t\t<\/div>\n\t\t\t\t<\/div>\n\t\t\t\t<\/div>","protected":false},"excerpt":{"rendered":"<p>Reviews &#8220;What a beautiful work this book is! Thank you for manifesting it and making it happen!&#8221; \u2014Veronica de Leon &nbsp; &#8220;How beautiful you write Rosa, the book is quite a poem, I love it&#8230;.\u201d \u2014Jose Mario Ramos &nbsp; &#8220;An incredible Gift for this Christmas \ud83c\udf32\ud83d\udc9d\ud83d\ude4f This work is charming as is its author Rosa [&hellip;]<\/p>\n","protected":false},"author":1,"featured_media":0,"parent":0,"menu_order":0,"comment_status":"closed","ping_status":"closed","template":"elementor_header_footer","meta":{"footnotes":""},"class_list":["post-122","page","type-page","status-publish","hentry"],"yoast_head":"<!-- This site is optimized with the Yoast SEO plugin v27.5 - https:\/\/yoast.com\/product\/yoast-seo-wordpress\/ -->\n<title>Reviews for Huasteca, What Are You Made Of? Rosa Flores, Author<\/title>\n<meta name=\"description\" content=\"You have to read this wonderful book and get caught up in the poetic way in which you will get to know La Huasteca.\" \/>\n<meta name=\"robots\" content=\"index, follow, max-snippet:-1, max-image-preview:large, max-video-preview:-1\" \/>\n<link rel=\"canonical\" href=\"https:\/\/rosafloresauthor.org\/es\/reviews\/\" \/>\n<meta property=\"og:locale\" content=\"es_MX\" \/>\n<meta property=\"og:type\" content=\"article\" \/>\n<meta property=\"og:title\" content=\"Reviews for Huasteca, What Are You Made Of? Rosa Flores, Author\" \/>\n<meta property=\"og:description\" content=\"You have to read this wonderful book and get caught up in the poetic way in which you will get to know La Huasteca.\" \/>\n<meta property=\"og:url\" content=\"https:\/\/rosafloresauthor.org\/es\/reviews\/\" \/>\n<meta property=\"og:site_name\" content=\"Rosa Flores, Author\" \/>\n<meta property=\"article:modified_time\" content=\"2024-02-09T15:13:08+00:00\" \/>\n<meta name=\"twitter:card\" content=\"summary_large_image\" \/>\n<meta name=\"twitter:label1\" content=\"Tiempo de lectura\" \/>\n\t<meta name=\"twitter:data1\" content=\"3 minutos\" \/>\n<script type=\"application\/ld+json\" class=\"yoast-schema-graph\">{\"@context\":\"https:\\\/\\\/schema.org\",\"@graph\":[{\"@type\":\"WebPage\",\"@id\":\"https:\\\/\\\/rosafloresauthor.org\\\/reviews\\\/\",\"url\":\"https:\\\/\\\/rosafloresauthor.org\\\/reviews\\\/\",\"name\":\"Reviews for Huasteca, What Are You Made Of? Rosa Flores, Author\",\"isPartOf\":{\"@id\":\"https:\\\/\\\/ln6.3b0.myftpupload.com\\\/#website\"},\"datePublished\":\"2024-02-06T15:07:02+00:00\",\"dateModified\":\"2024-02-09T15:13:08+00:00\",\"description\":\"You have to read this wonderful book and get caught up in the poetic way in which you will get to know La Huasteca.\",\"breadcrumb\":{\"@id\":\"https:\\\/\\\/rosafloresauthor.org\\\/reviews\\\/#breadcrumb\"},\"inLanguage\":\"es\",\"potentialAction\":[{\"@type\":\"ReadAction\",\"target\":[\"https:\\\/\\\/rosafloresauthor.org\\\/reviews\\\/\"]}]},{\"@type\":\"BreadcrumbList\",\"@id\":\"https:\\\/\\\/rosafloresauthor.org\\\/reviews\\\/#breadcrumb\",\"itemListElement\":[{\"@type\":\"ListItem\",\"position\":1,\"name\":\"Home\",\"item\":\"https:\\\/\\\/rosafloresauthor.org\\\/\"},{\"@type\":\"ListItem\",\"position\":2,\"name\":\"Reviews\"}]},{\"@type\":\"WebSite\",\"@id\":\"https:\\\/\\\/ln6.3b0.myftpupload.com\\\/#website\",\"url\":\"https:\\\/\\\/ln6.3b0.myftpupload.com\\\/\",\"name\":\"Rosa Flores, Author\",\"description\":\"\",\"publisher\":{\"@id\":\"https:\\\/\\\/ln6.3b0.myftpupload.com\\\/#organization\"},\"potentialAction\":[{\"@type\":\"SearchAction\",\"target\":{\"@type\":\"EntryPoint\",\"urlTemplate\":\"https:\\\/\\\/ln6.3b0.myftpupload.com\\\/?s={search_term_string}\"},\"query-input\":{\"@type\":\"PropertyValueSpecification\",\"valueRequired\":true,\"valueName\":\"search_term_string\"}}],\"inLanguage\":\"es\"},{\"@type\":\"Organization\",\"@id\":\"https:\\\/\\\/ln6.3b0.myftpupload.com\\\/#organization\",\"name\":\"Rosa Flores, Author\",\"url\":\"https:\\\/\\\/ln6.3b0.myftpupload.com\\\/\",\"logo\":{\"@type\":\"ImageObject\",\"inLanguage\":\"es\",\"@id\":\"https:\\\/\\\/ln6.3b0.myftpupload.com\\\/#\\\/schema\\\/logo\\\/image\\\/\",\"url\":\"https:\\\/\\\/rosafloresauthor.org\\\/wp-content\\\/uploads\\\/2024\\\/01\\\/rosa-flores-huastec-what-are-you-made-of-logo.png\",\"contentUrl\":\"https:\\\/\\\/rosafloresauthor.org\\\/wp-content\\\/uploads\\\/2024\\\/01\\\/rosa-flores-huastec-what-are-you-made-of-logo.png\",\"width\":600,\"height\":133,\"caption\":\"Rosa Flores, Author\"},\"image\":{\"@id\":\"https:\\\/\\\/ln6.3b0.myftpupload.com\\\/#\\\/schema\\\/logo\\\/image\\\/\"}}]}<\/script>\n<!-- \/ Yoast SEO plugin. -->","yoast_head_json":{"title":"Reviews for Huasteca, What Are You Made Of? Rosa Flores, Author","description":"You have to read this wonderful book and get caught up in the poetic way in which you will get to know La Huasteca.","robots":{"index":"index","follow":"follow","max-snippet":"max-snippet:-1","max-image-preview":"max-image-preview:large","max-video-preview":"max-video-preview:-1"},"canonical":"https:\/\/rosafloresauthor.org\/es\/reviews\/","og_locale":"es_MX","og_type":"article","og_title":"Reviews for Huasteca, What Are You Made Of? Rosa Flores, Author","og_description":"You have to read this wonderful book and get caught up in the poetic way in which you will get to know La Huasteca.","og_url":"https:\/\/rosafloresauthor.org\/es\/reviews\/","og_site_name":"Rosa Flores, Author","article_modified_time":"2024-02-09T15:13:08+00:00","twitter_card":"summary_large_image","twitter_misc":{"Tiempo de lectura":"3 minutos"},"schema":{"@context":"https:\/\/schema.org","@graph":[{"@type":"WebPage","@id":"https:\/\/rosafloresauthor.org\/reviews\/","url":"https:\/\/rosafloresauthor.org\/reviews\/","name":"Reviews for Huasteca, What Are You Made Of? Rosa Flores, Author","isPartOf":{"@id":"https:\/\/ln6.3b0.myftpupload.com\/#website"},"datePublished":"2024-02-06T15:07:02+00:00","dateModified":"2024-02-09T15:13:08+00:00","description":"You have to read this wonderful book and get caught up in the poetic way in which you will get to know La Huasteca.","breadcrumb":{"@id":"https:\/\/rosafloresauthor.org\/reviews\/#breadcrumb"},"inLanguage":"es","potentialAction":[{"@type":"ReadAction","target":["https:\/\/rosafloresauthor.org\/reviews\/"]}]},{"@type":"BreadcrumbList","@id":"https:\/\/rosafloresauthor.org\/reviews\/#breadcrumb","itemListElement":[{"@type":"ListItem","position":1,"name":"Home","item":"https:\/\/rosafloresauthor.org\/"},{"@type":"ListItem","position":2,"name":"Reviews"}]},{"@type":"WebSite","@id":"https:\/\/ln6.3b0.myftpupload.com\/#website","url":"https:\/\/ln6.3b0.myftpupload.com\/","name":"Rosa Flores, Autora","description":"","publisher":{"@id":"https:\/\/ln6.3b0.myftpupload.com\/#organization"},"potentialAction":[{"@type":"SearchAction","target":{"@type":"EntryPoint","urlTemplate":"https:\/\/ln6.3b0.myftpupload.com\/?s={search_term_string}"},"query-input":{"@type":"PropertyValueSpecification","valueRequired":true,"valueName":"search_term_string"}}],"inLanguage":"es"},{"@type":"Organization","@id":"https:\/\/ln6.3b0.myftpupload.com\/#organization","name":"Rosa Flores, Autora","url":"https:\/\/ln6.3b0.myftpupload.com\/","logo":{"@type":"ImageObject","inLanguage":"es","@id":"https:\/\/ln6.3b0.myftpupload.com\/#\/schema\/logo\/image\/","url":"https:\/\/rosafloresauthor.org\/wp-content\/uploads\/2024\/01\/rosa-flores-huastec-what-are-you-made-of-logo.png","contentUrl":"https:\/\/rosafloresauthor.org\/wp-content\/uploads\/2024\/01\/rosa-flores-huastec-what-are-you-made-of-logo.png","width":600,"height":133,"caption":"Rosa Flores, Author"},"image":{"@id":"https:\/\/ln6.3b0.myftpupload.com\/#\/schema\/logo\/image\/"}}]}},"_links":{"self":[{"href":"https:\/\/rosafloresauthor.org\/es\/wp-json\/wp\/v2\/pages\/122","targetHints":{"allow":["GET"]}}],"collection":[{"href":"https:\/\/rosafloresauthor.org\/es\/wp-json\/wp\/v2\/pages"}],"about":[{"href":"https:\/\/rosafloresauthor.org\/es\/wp-json\/wp\/v2\/types\/page"}],"author":[{"embeddable":true,"href":"https:\/\/rosafloresauthor.org\/es\/wp-json\/wp\/v2\/users\/1"}],"replies":[{"embeddable":true,"href":"https:\/\/rosafloresauthor.org\/es\/wp-json\/wp\/v2\/comments?post=122"}],"version-history":[{"count":26,"href":"https:\/\/rosafloresauthor.org\/es\/wp-json\/wp\/v2\/pages\/122\/revisions"}],"predecessor-version":[{"id":155,"href":"https:\/\/rosafloresauthor.org\/es\/wp-json\/wp\/v2\/pages\/122\/revisions\/155"}],"wp:attachment":[{"href":"https:\/\/rosafloresauthor.org\/es\/wp-json\/wp\/v2\/media?parent=122"}],"curies":[{"name":"wp","href":"https:\/\/api.w.org\/{rel}","templated":true}]}}